{"id":605,"date":"2013-08-09T03:01:02","date_gmt":"2013-08-09T03:01:02","guid":{"rendered":"http:\/\/themewich.com\/gridstack\/?page_id=605"},"modified":"2024-01-15T08:41:44","modified_gmt":"2024-01-15T08:41:44","slug":"about","status":"publish","type":"page","link":"https:\/\/www.gottimovies.hu\/?page_id=605","title":{"rendered":""},"content":{"rendered":"<p>&nbsp;<\/p>\n<p><img loading=\"lazy\" decoding=\"async\" class=\"normal wp-image-2489  alignleft\" style=\"font-size: 14px; font-weight: normal; line-height: 14px;\" src=\"https:\/\/www.gottimovies.hu\/wp-content\/uploads\/2024\/01\/RNI-Films-IMG-CBC76D7D-D290-4536-962D-9E214FD91A14-150x150.jpeg\" alt=\"\" width=\"329\" height=\"329\" srcset=\"https:\/\/www.gottimovies.hu\/wp-content\/uploads\/2024\/01\/RNI-Films-IMG-CBC76D7D-D290-4536-962D-9E214FD91A14-150x150.jpeg 150w, https:\/\/www.gottimovies.hu\/wp-content\/uploads\/2024\/01\/RNI-Films-IMG-CBC76D7D-D290-4536-962D-9E214FD91A14-300x300.jpeg 300w, https:\/\/www.gottimovies.hu\/wp-content\/uploads\/2024\/01\/RNI-Films-IMG-CBC76D7D-D290-4536-962D-9E214FD91A14-100x100.jpeg 100w\" sizes=\"(max-width: 329px) 100vw, 329px\" \/><\/p>\n<p><strong>Makovinyi Andr\u00e1s<\/strong><\/p>\n<div>A v\u00e1g\u00f3 v\u00e1g&#8230; Makovinyi Andr\u00e1s vagyok, 2006 \u00f3ta foglalkozom filmez\u00e9ssel, els\u0151sorban v\u00e1g\u00f3k\u00e9nt. A filmk\u00e9sz\u00edt\u00e9s egy olyan m\u0171velet, melyet egyszer\u0171en nem lehet egyed\u00fcl v\u00e9gezni. Elismert szakemberekkel dolgozom, akik sz\u00e1m\u00e1ra fontos a min\u0151s\u00e9g, s akik nyitottak az \u00faj\u00edt\u00e1sokra. 2008 \u00e9s 2012 k\u00f6z\u00f6tt a Pixel Film-n\u00e9l dolgoztam, ahol az \u00e9vek sor\u00e1n t\u00f6bb videoklip, rekl\u00e1mfilm, imagefilm, PR film,koncertfilm, riport- \u00e9s dokumentumfilm k\u00e9sz\u00edt\u00e9s\u00e9ben vettem r\u00e9szt.<\/div>\n<div>2013-2015 k\u00f6zt a F\u00e9lelem n\u00e9lk\u00fcl.. c. aut\u00f3- \u00e9s motorsport magazin v\u00e1g\u00f3ja voltam, mely a Digisport csatorn\u00e1in k\u00e9nyezteti a rally \u00e9s a magyar aut\u00f3sport szerelmeseit k\u00e9theti rendszeress\u00e9ggel.<\/div>\n<div><\/div>\n<div>Fontosnak tartom a filmek szerepeltet\u00e9s\u00e9t a nagyvil\u00e1gban, itthoni \u00e9s nemzetk\u00f6zi fesztiv\u00e1lokon egyar\u00e1nt. Szerencs\u00e9mre nem eredm\u00e9nytelen\u00fcl.<\/div>\n<div>A film egy\u00a0lehet\u0151s\u00e9g. Lehet\u0151s\u00e9g arra, hogy gondolatainkat, \u00e9rzelmeinket kifejezz\u00fck \u00e9s a vil\u00e1g el\u00e9 t\u00e1rjuk. A statikus tartalmakhoz k\u00e9pest sokkal\u00a0l\u00e1tv\u00e1nyosabban\u00a0\u00e9s\u00a0sz\u00f3rakoztatva\u00a0t\u00e1j\u00e9koztat. A filmes eszk\u00f6z\u00f6k t\u00e1rh\u00e1za rendk\u00edv\u00fcl sz\u00e9les. Dramaturgiai eszk\u00f6z\u00f6kkel, be\u00e1ll\u00edt\u00e1sokkal, a kameramozg\u00e1sokkal vagy az ut\u00f3munka sor\u00e1n a v\u00e1g\u00e1ssal, f\u00e9nyel\u00e9ssel, effektez\u00e9ssel, a zenei al\u00e1fest\u00e9ssel az alkot\u00f3k k\u00e9pesek nem az \u00e9rtelemre, hanem sokkal ink\u00e1bb az \u00e9rzelmekre\u00a0hatva megteremteni egy \u00e1lomvil\u00e1got. A\u00a0filmet.<\/div>\n<div><\/div>\n<div><\/div>\n<div>(A film a v\u00e1g\u00f3asztalon sz\u00fcletik.:)<\/div>\n<div><\/div>\n<div><\/div>\n<div><\/div>\n<div>\n<p><strong>Eredm\u00e9nyek:<\/strong><\/p>\n<ul>\n<li>XAFT &#8211; Hard Core kateg\u00f3ria &#8211; harmadik hely (2011)<\/li>\n<li>Rallyonline vide\u00f3 p\u00e1ly\u00e1zat &#8211; els\u0151 hely (2011)<\/li>\n<li>AJA videocontest &#8211; nemzetk\u00f6zi els\u0151 helyezett (2010)<\/li>\n<li>Nooka nemzetk\u00f6zi filmp\u00e1ly\u00e1zat &#8211; K\u00fcl\u00f6nd\u00edj (2010)<\/li>\n<li>King of Shaves &#8211; K\u00fcl\u00f6nd\u00edj (2010)<\/li>\n<li>Orsz\u00e1gos Di\u00e1kfilmszemle &#8211; Alkot\u00f3i d\u00edj (2010)<\/li>\n<li>Metro Video Challange &#8211; magyarorsz\u00e1gi \u00e9s nemzetk\u00f6zi els\u0151 helyezett (2010)<\/li>\n<li>Flatland &#8211; XAFT k\u00fcl\u00f6nd\u00edj (2009)<\/li>\n<li>Generali biztos\u00edt\u00f3 rekl\u00e1m &#8211; Szakmai k\u00fcl\u00f6nd\u00edj (2009)<\/li>\n<li>I4poker.com rekl\u00e1mfilm &#8211; Szakmai d\u00edj (2007)<\/li>\n<li>Nokia mobilfilmfesztiv\u00e1l &#8211; K\u00f6z\u00f6ns\u00e9g d\u00edj (2006)<\/li>\n<\/ul>\n<\/div>\n<div class=\"tw-toggle \"><div class=\"tw-toggle-trigger\">Cikkek<\/div><div class=\"tw-toggle-container\">\n<p><a href=\"http:\/\/3mmm.blog.hu\/2015\/01\/27\/makovinyi_andris_interju\" target=\"_blank\" rel=\"noopener\">3mmm blog<br \/>\nDebrecenPlus<\/a><br \/>\n<a href=\"http:\/\/www.civishir.hu\/bulvar\/eszbontoan-szexi-reklam-debrecenbol\/0814093336\" target=\"_blank\" rel=\"noopener\">Civish\u00edr<\/a><br \/>\n<a style=\"line-height: 1.714285714; font-size: 1rem;\" href=\"http:\/\/fcpug.hu\/contest\/\" target=\"_blank\" rel=\"noopener\">Fcpug<\/a><br \/>\n<a href=\"http:\/\/premier.mtv.hu\/Hirek\/2011\/02\/01\/10\/Just_compose_a_document.aspx\" target=\"_blank\" rel=\"noopener\">Mtv<\/a><br \/>\n<a href=\"http:\/\/szoftver.hu\/palyazat\/fcpug-aja-2010-videopalyazat-eredmenyhirdetes\" target=\"_blank\" rel=\"noopener\">Szoftver<\/a><br \/>\n<a href=\"http:\/\/www.metropolbusiness.hu\/rolunk\/aktualitasok\/123?task=view\" target=\"_blank\" rel=\"noopener\">Metropol<\/a><br \/>\n<a href=\"http:\/\/sg.hu\/cikkek\/46378\/a_nokia_mobilfilm_fesztival_dijai\" target=\"_blank\" rel=\"noopener\">Sg<\/a><br \/>\n<a style=\"line-height: 1.714285714; font-size: 1rem;\" href=\"http:\/\/www.magyar.film.hu\/filmhu\/magazin\/bubi-trukkok-tippek-jo-zenere-bicikli-filmfesztival-toldi-mozi.html\" target=\"_blank\" rel=\"noopener\">Magyar.film.hu<\/a><\/p>\n<\/div><\/div>\n<p>&nbsp;<\/p>\n<a href=\"https:\/\/www.facebook.com\/gottimovies\" class=\"tw-social-icon  facebook\" target=\"_self\" title=\"\" rel=\"\"><\/a>\u00a0<a href=\"http:\/\/www.youtube.com\/user\/wgotti\" class=\"tw-social-icon  youtube\" target=\"_self\" title=\"\" rel=\"\"><\/a>\u00a0<a href=\"https:\/\/vimeo.com\/user2393895\" class=\"tw-social-icon  vimeo\" target=\"_self\" title=\"\" rel=\"\"><\/a>\n","protected":false},"excerpt":{"rendered":"<p>&nbsp; Makovinyi Andr\u00e1s A v\u00e1g\u00f3 v\u00e1g&#8230; Makovinyi Andr\u00e1s vagyok, 2006 \u00f3ta foglalkozom filmez\u00e9ssel, els\u0151sorban v\u00e1g\u00f3k\u00e9nt. A filmk\u00e9sz\u00edt\u00e9s egy olyan m\u0171velet, melyet egyszer\u0171en nem lehet egyed\u00fcl v\u00e9gezni. Elismert szakemberekkel dolgozom, akik sz\u00e1m\u00e1ra fontos a min\u0151s\u00e9g, s akik nyitottak az \u00faj\u00edt\u00e1sokra. 2008 \u00e9s 2012 k\u00f6z\u00f6tt a Pixel Film-n\u00e9l dolgoztam, ahol az \u00e9vek sor\u00e1n t\u00f6bb videoklip, rekl\u00e1mfilm, imagefilm, [&hellip;]<\/p>\n","protected":false},"author":1,"featured_media":0,"parent":0,"menu_order":0,"comment_status":"open","ping_status":"open","template":"","meta":{"_monsterinsights_skip_tracking":false,"_monsterinsights_sitenote_active":false,"_monsterinsights_sitenote_note":"","_monsterinsights_sitenote_category":0,"footnotes":""},"aioseo_notices":[],"_links":{"self":[{"href":"https:\/\/www.gottimovies.hu\/index.php?rest_route=\/wp\/v2\/pages\/605"}],"collection":[{"href":"https:\/\/www.gottimovies.hu\/index.php?rest_route=\/wp\/v2\/pages"}],"about":[{"href":"https:\/\/www.gottimovies.hu\/index.php?rest_route=\/wp\/v2\/types\/page"}],"author":[{"embeddable":true,"href":"https:\/\/www.gottimovies.hu\/index.php?rest_route=\/wp\/v2\/users\/1"}],"replies":[{"embeddable":true,"href":"https:\/\/www.gottimovies.hu\/index.php?rest_route=%2Fwp%2Fv2%2Fcomments&post=605"}],"version-history":[{"count":53,"href":"https:\/\/www.gottimovies.hu\/index.php?rest_route=\/wp\/v2\/pages\/605\/revisions"}],"predecessor-version":[{"id":2645,"href":"https:\/\/www.gottimovies.hu\/index.php?rest_route=\/wp\/v2\/pages\/605\/revisions\/2645"}],"wp:attachment":[{"href":"https:\/\/www.gottimovies.hu\/index.php?rest_route=%2Fwp%2Fv2%2Fmedia&parent=605"}],"curies":[{"name":"wp","href":"https:\/\/api.w.org\/{rel}","templated":true}]}}